{"id":20052,"date":"2025-02-24T09:57:43","date_gmt":"2025-02-24T08:57:43","guid":{"rendered":"https:\/\/i-moments.com\/?post_type=product&#038;p=20052"},"modified":"2025-03-03T07:53:58","modified_gmt":"2025-03-03T06:53:58","slug":"album-de-fotos-dia-del-padre","status":"publish","type":"product","link":"https:\/\/i-moments.com\/ca\/p\/album-de-fotos-dia-del-padre\/","title":{"rendered":"\u00c0lbum de Fotos Edici\u00f3 Especial Dia del Pare"},"content":{"rendered":"<h2 style=\"text-align: center;\"><strong>\u00c0lbum de Fotos Edici\u00f3 Especial Dia del Pare<\/strong><\/h2>\n<p>Sorpr\u00e8n a pap\u00e0 amb un regal ple de records i emocions. Amb el nostre <strong>\u00c0lbum de Fotos Edici\u00f3 Especial Dia del Pare Personalitzat<\/strong> tens l&#8217;oportunitat perfecta de crear un regal \u00fanic de la manera m\u00e9s r\u00e0pida i senzilla: amb les plantilles predissenyades on tan sols haur\u00e0s de posar les teves fotos, \u00a1f\u00e0cil i r\u00e0pid! <\/p>\n<h3><strong>Caracter\u00edstiques destacades:<\/strong><\/h3>\n<p><strong>Mides Disponibles:<\/strong> 21&#215;21 \/ 21&#215;30 cm<br \/>\n<strong>Edici\u00f3 especial Dia del Pare:<\/strong> Dissenys exclusius per crear un \u00e0lbum \u00fanic.<br \/>\n<strong>Obertura 180\u00ba<\/strong>: Ideal per imprimir imatges a doble p\u00e0gina.<br \/>\n<strong>P\u00e0gines gruixutes i resistents:<\/strong> Impreses en paper d&#8217; alta qualitat.<\/p>\n<p>Aquest \u00e0lbum estar\u00e0 disponible nom\u00e9s per <strong>temps limitat<\/strong>, \u00a1aix\u00ed que no deixis passar l&#8217;oportunitat de regalar-li a pap\u00e0 un record inoblidable!<\/p>\n<h3><strong>Caracter\u00edstiques \u00e0lbum de fotos personalitzat:<\/strong><\/h3>\n<p><strong>Tapa <\/strong><strong>Encoixal Personalitzada:<br \/>\n<\/strong>La Tapa Encoixal aporta a l&#8217;\u00e0lbum de fotos un tacte m\u00e9s agradable. \u00c9s 100% personalitzable amb fotos, textos, plantilles i dissenys.<br \/>\nImpresa en paper fotogr\u00e0fic, contra-encolada en cartr\u00f3 escuma de 6 mm, laminada amb un acabat mat que la resta de protegir-la \u00e9s anti empremtes. <\/p>\n<p><strong data-start=\"2085\" data-end=\"2123\">Interior de l&#8217;\u00c0lbum Personalitzat :<\/strong><\/p>\n<ul>\n<li><strong>Paper Mate:<\/strong> Impr\u00e8s en Paper fotogr\u00e0fic de 200 gr.<\/li>\n<li><strong>Guardes:<\/strong> Color blanc.<\/li>\n<\/ul>\n<p>Tots els papers estan contra-encolats sobre cartolina r\u00edgida, proporcionant <strong data-start=\"2675\" data-end=\"2694\">p\u00e0gines gruixutes<\/strong> amb <strong data-start=\"2699\" data-end=\"2719\">obertura de 180\u00ba<\/strong>, ideals per a fotos a doble p\u00e0gina.<\/p>\n<p>&nbsp;<\/p>\n","protected":false},"excerpt":{"rendered":"<p><strong>\u00c0lbum de Fotos Edici\u00f3 Especial Dia del Pare.<\/strong>  Sorpr\u00e8n a pap\u00e0 amb un regal \u00fanic i ple de moments inoblidables. Els nostres \u00c0lbums de Fotos Personalitzats s\u00f3n la manera perfecta d&#8217;immortalitzar els millors moments junts. Dissenya el teu \u00e0lbum amb fotos, textos i plantilles exclusives dissenyades per a aquesta ocasi\u00f3 tan especial. Un record que l&#8217;emocionar\u00e0 per sempre!   <\/p>\n","protected":false},"featured_media":25744,"comment_status":"closed","ping_status":"closed","template":"","meta":[],"product_brand":[],"product_cat":[1127,625],"product_tag":[627],"class_list":{"0":"post-20052","1":"product","2":"type-product","3":"status-publish","4":"has-post-thumbnail","6":"product_cat-album-digital-ca","7":"product_cat-album-de-fotos-ca","8":"product_tag-dia-del-pare","10":"first","11":"instock","12":"taxable","13":"shipping-taxable","14":"purchasable","15":"product-type-variable","16":"has-default-attributes"},"_links":{"self":[{"href":"https:\/\/i-moments.com\/ca\/wp-json\/wp\/v2\/product\/20052","targetHints":{"allow":["GET"]}}],"collection":[{"href":"https:\/\/i-moments.com\/ca\/wp-json\/wp\/v2\/product"}],"about":[{"href":"https:\/\/i-moments.com\/ca\/wp-json\/wp\/v2\/types\/product"}],"replies":[{"embeddable":true,"href":"https:\/\/i-moments.com\/ca\/wp-json\/wp\/v2\/comments?post=20052"}],"wp:featuredmedia":[{"embeddable":true,"href":"https:\/\/i-moments.com\/ca\/wp-json\/wp\/v2\/media\/25744"}],"wp:attachment":[{"href":"https:\/\/i-moments.com\/ca\/wp-json\/wp\/v2\/media?parent=20052"}],"wp:term":[{"taxonomy":"product_brand","embeddable":true,"href":"https:\/\/i-moments.com\/ca\/wp-json\/wp\/v2\/product_brand?post=20052"},{"taxonomy":"product_cat","embeddable":true,"href":"https:\/\/i-moments.com\/ca\/wp-json\/wp\/v2\/product_cat?post=20052"},{"taxonomy":"product_tag","embeddable":true,"href":"https:\/\/i-moments.com\/ca\/wp-json\/wp\/v2\/product_tag?post=20052"}],"curies":[{"name":"wp","href":"https:\/\/api.w.org\/{rel}","templated":true}]}}