{"id":20119,"date":"2025-03-03T08:29:19","date_gmt":"2025-03-03T07:29:19","guid":{"rendered":"https:\/\/i-moments.com\/?post_type=product&#038;p=20119"},"modified":"2026-02-23T14:00:48","modified_gmt":"2026-02-23T13:00:48","slug":"foto-panel-edicion-especial-dia-del-padre","status":"publish","type":"product","link":"https:\/\/i-moments.com\/ca\/p\/foto-panel-edicion-especial-dia-del-padre\/","title":{"rendered":"Foto Panell Edici\u00f3 Especial Dia del Pare"},"content":{"rendered":"<h2 style=\"text-align: center;\"><strong>FOTO PANELL EDICI\u00d3 ESPECIAL DIA DEL PARE<\/strong><\/h2>\n<p><strong>Novetat per al Dia del Pare!<\/strong><\/p>\n<p>Sorpr\u00e8n a pap\u00e0 amb el nostre <strong>Foto Panell Edici\u00f3 Especial Dia del Pare<\/strong>. Ara \u00e9s m\u00e9s f\u00e0cil que mai: tria les teves fotos favorites, fa servir les nostres <strong>plantilles exclusives<\/strong> i crea un regal \u00fanic per decorar la teva llar. Fes que aquest dia sigui inoblidable!  <\/p>\n<p>Impressi\u00f3 en alta qualitat fotogr\u00e0fica, protegida amb un laminat mat sobre un panell de Fusta de DM 1 cm de gruix.<\/p>\n<h3><strong>Caracter\u00edstiques:<\/strong><\/h3>\n<ul>\n<li>Impressi\u00f3 fotogr\u00e0fica<\/li>\n<li>Acabat: Laminat mat<\/li>\n<li>Orientaci\u00f3: Vertical<\/li>\n<li>Color Cant: Blanc o Negre<\/li>\n<li>Ample de la Fusta 1 cm<\/li>\n<li>Mides: 30&#215;40 \/ 40&#215;50 \/ 50x70cm<\/li>\n<li>Inclou Penjador<\/li>\n<\/ul>\n","protected":false},"excerpt":{"rendered":"<ul>\n<li>Impressi\u00f3 fotogr\u00e0fica<\/li>\n<li>Acabat: Laminat mat<\/li>\n<li>Orientaci\u00f3: Vertical<\/li>\n<li>Color Cant: Blanc o Negre<\/li>\n<li>Ample de la Fusta 1 cm<\/li>\n<li>Mides: 30&#215;40 \/ 40&#215;50 \/ 50x70cm<\/li>\n<li>Inclou Penjador<\/li>\n<\/ul>\n","protected":false},"featured_media":20146,"comment_status":"open","ping_status":"closed","template":"","meta":[],"product_brand":[1265],"product_cat":[767,763,741],"product_tag":[627],"class_list":{"0":"post-20119","1":"product","2":"type-product","3":"status-publish","4":"has-post-thumbnail","6":"product_brand-i-moments","7":"product_cat-foto-panell","8":"product_cat-foto-panels-ca","9":"product_cat-decora-ca","10":"product_tag-dia-del-pare","12":"first","13":"instock","14":"taxable","15":"shipping-taxable","16":"purchasable","17":"product-type-variable"},"_links":{"self":[{"href":"https:\/\/i-moments.com\/ca\/wp-json\/wp\/v2\/product\/20119","targetHints":{"allow":["GET"]}}],"collection":[{"href":"https:\/\/i-moments.com\/ca\/wp-json\/wp\/v2\/product"}],"about":[{"href":"https:\/\/i-moments.com\/ca\/wp-json\/wp\/v2\/types\/product"}],"replies":[{"embeddable":true,"href":"https:\/\/i-moments.com\/ca\/wp-json\/wp\/v2\/comments?post=20119"}],"wp:featuredmedia":[{"embeddable":true,"href":"https:\/\/i-moments.com\/ca\/wp-json\/wp\/v2\/media\/20146"}],"wp:attachment":[{"href":"https:\/\/i-moments.com\/ca\/wp-json\/wp\/v2\/media?parent=20119"}],"wp:term":[{"taxonomy":"product_brand","embeddable":true,"href":"https:\/\/i-moments.com\/ca\/wp-json\/wp\/v2\/product_brand?post=20119"},{"taxonomy":"product_cat","embeddable":true,"href":"https:\/\/i-moments.com\/ca\/wp-json\/wp\/v2\/product_cat?post=20119"},{"taxonomy":"product_tag","embeddable":true,"href":"https:\/\/i-moments.com\/ca\/wp-json\/wp\/v2\/product_tag?post=20119"}],"curies":[{"name":"wp","href":"https:\/\/api.w.org\/{rel}","templated":true}]}}