{"id":21041,"date":"2025-05-16T09:03:05","date_gmt":"2025-05-16T07:03:05","guid":{"rendered":"https:\/\/i-moments.com\/p\/planificador-semanal-personalizado-con-espiral\/"},"modified":"2025-05-16T09:03:05","modified_gmt":"2025-05-16T07:03:05","slug":"planificador-semanal-personalizado-con-espiral","status":"publish","type":"product","link":"https:\/\/i-moments.com\/ca\/p\/planificador-semanal-personalizado-con-espiral\/","title":{"rendered":"Planificador Setmanal Personalitzat"},"content":{"rendered":"<h2 style=\"text-align: center;\" data-start=\"1203\" data-end=\"1452\"><strong>Planificador Setmanal Personalitzat<\/strong><\/h2>\n<p class=\"\" data-start=\"1203\" data-end=\"1452\">El <strong data-start=\"1206\" data-end=\"1256\">Planificador Setmanal Personalitzat <\/strong>\u00e9s perfecte per als qui volen tenir la seva setmana sota control. Personalitzo amb les teves fotos, nom o disseny favorit i afegeix un toc \u00fanic a la teva organitzaci\u00f3. Podr\u00e0s trobar diferents tem\u00e0tiques i dissenys. Depenent del que tries, podr\u00e0s arribar a pujar d&#8217;una fins a 54 fotos, i podr\u00e0s triar tota mena de temes especialment pensats per regalar a la teva millor amiga, per regalar al teu profe, a mama&#8230; \u00a1o per a tu mateix!   <\/p>\n<p class=\"\" data-start=\"1203\" data-end=\"1452\">Disponible en dos formats:<\/p>\n<ul data-start=\"1453\" data-end=\"1631\">\n<li class=\"\" data-start=\"1453\" data-end=\"1563\">\n<p class=\"\" data-start=\"1455\" data-end=\"1563\"><strong data-start=\"1455\" data-end=\"1472\">A3 (42&#215;30 cm) per a<\/strong> m\u00e9s espai d \u201cescriptura, ideal per col\u00b7locar-lo a la paret o sobre l\u201d escriptori.<\/p>\n<\/li>\n<li class=\"\" data-start=\"1564\" data-end=\"1631\">\n<p class=\"\" data-start=\"1566\" data-end=\"1631\"><strong data-start=\"1566\" data-end=\"1583\">A4 (21&#215;30 cm)<\/strong> per als qui prefereixen una mida m\u00e9s manejable.<\/p>\n<\/li>\n<\/ul>\n<p class=\"\" data-start=\"1633\" data-end=\"1871\">Cada planificador inclou <strong data-start=\"1659\" data-end=\"1693\">56 p\u00e0gines impreses a tot color<\/strong> en paper <strong data-start=\"1706\" data-end=\"1731\">d&#8217;alta qualitat (170 gr)<\/strong>, amb enquadernat en espiral que facilita el seu \u00fas i durabilitat.<br data-start=\"1795\" data-end=\"1798\">Aquest planificador \u00e9s perfecte per a \u00fas personal, escolar o professional, aix\u00ed com per regalar en ocasions especials com el dia de la mare, fi de curs, tornada al col\u00b7le&#8230;<\/p>\n","protected":false},"excerpt":{"rendered":"<p class=\"\" data-start=\"537\" data-end=\"756\"><strong data-start=\"136\" data-end=\"211\">Planifica la teva setmana a la teva manera amb el nostre planificador setmanal personalitzat.<\/strong>  Disponible en format A3 i A4, amb enquadernaci\u00f3 en espiral i 56 p\u00e0gines en paper d&#8217; alta qualitat. Perfecte per organitzar els teus dies a casa, a la feina o com un regal original i pr\u00e0ctic per a la teva millor amiga, per a la teva mama o fins i tot per regalar als teus profes. Una vida planificada sempre \u00e9s molt m\u00e9s senzilla!  <\/p>\n","protected":false},"featured_media":20863,"comment_status":"closed","ping_status":"closed","template":"","meta":[],"product_brand":[1265],"product_cat":[729,717],"product_tag":[1304,1306,639,854],"class_list":{"0":"post-21041","1":"product","2":"type-product","3":"status-publish","4":"has-post-thumbnail","6":"product_brand-i-moments","7":"product_cat-calendaris-personalitzats-de-sobretaula-ca","8":"product_cat-calendaris-personalitzats","9":"product_tag-per-a-l-oficina","10":"product_tag-regals-personalitzats","11":"product_tag-regals-per-a-profes","12":"product_tag-tornada-al-colle","14":"first","15":"instock","16":"taxable","17":"shipping-taxable","18":"purchasable","19":"product-type-variable"},"_links":{"self":[{"href":"https:\/\/i-moments.com\/ca\/wp-json\/wp\/v2\/product\/21041","targetHints":{"allow":["GET"]}}],"collection":[{"href":"https:\/\/i-moments.com\/ca\/wp-json\/wp\/v2\/product"}],"about":[{"href":"https:\/\/i-moments.com\/ca\/wp-json\/wp\/v2\/types\/product"}],"replies":[{"embeddable":true,"href":"https:\/\/i-moments.com\/ca\/wp-json\/wp\/v2\/comments?post=21041"}],"wp:featuredmedia":[{"embeddable":true,"href":"https:\/\/i-moments.com\/ca\/wp-json\/wp\/v2\/media\/20863"}],"wp:attachment":[{"href":"https:\/\/i-moments.com\/ca\/wp-json\/wp\/v2\/media?parent=21041"}],"wp:term":[{"taxonomy":"product_brand","embeddable":true,"href":"https:\/\/i-moments.com\/ca\/wp-json\/wp\/v2\/product_brand?post=21041"},{"taxonomy":"product_cat","embeddable":true,"href":"https:\/\/i-moments.com\/ca\/wp-json\/wp\/v2\/product_cat?post=21041"},{"taxonomy":"product_tag","embeddable":true,"href":"https:\/\/i-moments.com\/ca\/wp-json\/wp\/v2\/product_tag?post=21041"}],"curies":[{"name":"wp","href":"https:\/\/api.w.org\/{rel}","templated":true}]}}