{"id":22377,"date":"2025-09-25T14:43:57","date_gmt":"2025-09-25T12:43:57","guid":{"rendered":"https:\/\/i-moments.com\/p\/manta-polar-personalizada\/"},"modified":"2025-11-04T09:39:07","modified_gmt":"2025-11-04T08:39:07","slug":"manta-polar-personalizada","status":"publish","type":"product","link":"https:\/\/i-moments.com\/ca\/p\/manta-polar-personalizada\/","title":{"rendered":"Manta Polar Personalitzada"},"content":{"rendered":"<h2 style=\"text-align: center;\"><strong>Manta Polar Personalitzada Blanca<\/strong><\/h2>\n<p data-start=\"115\" data-end=\"160\">Manta Polar Infantil Personalitzable, arropa al teu peque amb la suavitat que mereix. La nostra manta polar infantil est\u00e0 dissenyada especialment per a nadons i nens, amb un tacte extra suau i molt agradable que brinda confort en tot moment. <\/p>\n<p data-start=\"365\" data-end=\"449\">Disponible en dues mides (85&#215;85 cm i 116&#215;90 cm), \u00e9s perfecta per a m\u00faltiples usos:<\/p>\n<ul data-start=\"450\" data-end=\"659\">\n<li data-start=\"450\" data-end=\"493\">\n<p data-start=\"452\" data-end=\"493\">Al <strong data-start=\"458\" data-end=\"466\">bressol<\/strong> per a un descans c\u00f2mode.<\/p>\n<\/li>\n<li data-start=\"494\" data-end=\"532\">\n<p data-start=\"496\" data-end=\"532\">Al <strong data-start=\"502\" data-end=\"510\">llit<\/strong> com a abric lleuger.<\/p>\n<\/li>\n<li data-start=\"533\" data-end=\"596\">\n<p data-start=\"535\" data-end=\"596\">Al <strong data-start=\"541\" data-end=\"561\">carret\u00f3 de passeig<\/strong> per mantenir el nad\u00f3 calent.<\/p>\n<\/li>\n<li data-start=\"597\" data-end=\"659\">\n<p data-start=\"599\" data-end=\"659\">Per <strong data-start=\"604\" data-end=\"627\">arrossegar-lo en bra\u00e7os<\/strong> en qualsevol moment del dia.<\/p>\n<\/li>\n<\/ul>\n<p data-start=\"661\" data-end=\"909\">El m\u00e9s especial \u00e9s que pots <strong data-start=\"691\" data-end=\"739\">personalitzar-la amb la foto del teu nad\u00f3 o nen<\/strong>, creant un record \u00fanic que a m\u00e9s decora l&#8217;habitaci\u00f3 amb tendresa. Disposem de diferents dissenys perqu\u00e8 tri\u00efs el que millor s&#8217;adapti al teu estil.<\/p>\n<p data-start=\"911\" data-end=\"993\">Una manta pensada per embolicar el teu peque en suavitat, calidesa i molt amor.<\/p>\n<ul>\n<li data-start=\"1661\" data-end=\"1825\"><strong>Mides:<\/strong> 85&#215;85 cm \/ 90\u00d7116 cm<\/li>\n<li data-start=\"1661\" data-end=\"1825\"><strong>Impressi\u00f3:<\/strong> 1 Cara<\/li>\n<li data-start=\"1661\" data-end=\"1825\"><strong>Color:<\/strong> Blanc<\/li>\n<li style=\"text-align: left;\" data-start=\"1661\" data-end=\"1825\"><strong>Teixit:<\/strong> Poli\u00e8ster 100%<\/li>\n<li style=\"text-align: left;\" data-start=\"1661\" data-end=\"1825\">Agradable tacte suau i afelpat.<\/li>\n<li style=\"text-align: left;\" data-start=\"1661\" data-end=\"1825\">Aptes per a rentadora i assecadora<\/li>\n<\/ul>\n","protected":false},"excerpt":{"rendered":"<p>Manta polar personalitzable, disponible en 116\u00d790 cm i 85\u00d785 cm. Suau, c\u00e0lida i \u00fanica, perfecta com a regal exclusiu amb les teves fotos m\u00e9s especials. <\/p>\n<ul>\n<li data-start=\"1661\" data-end=\"1825\"><strong>Mides:<\/strong> 85&#215;85 cm \/ 90\u00d7116 cm<\/li>\n<li data-start=\"1661\" data-end=\"1825\"><strong>Impressi\u00f3:<\/strong> 1 Cara<\/li>\n<li data-start=\"1661\" data-end=\"1825\"><strong>Color:<\/strong> Blanc<\/li>\n<li style=\"text-align: left;\" data-start=\"1661\" data-end=\"1825\"><strong>Teixit:<\/strong> Poli\u00e8ster 100%<\/li>\n<li style=\"text-align: left;\" data-start=\"1661\" data-end=\"1825\">Agradable tacte suau i afelpat.<\/li>\n<li style=\"text-align: left;\" data-start=\"1661\" data-end=\"1825\">Aptes per a rentadora i assecadora<\/li>\n<\/ul>\n","protected":false},"featured_media":25241,"comment_status":"closed","ping_status":"closed","template":"","meta":[],"product_brand":[1265],"product_cat":[712,797],"product_tag":[621,649],"class_list":{"0":"post-22377","1":"product","2":"type-product","3":"status-publish","4":"has-post-thumbnail","6":"product_brand-i-moments","7":"product_cat-per-a-nadons","8":"product_cat-nens","9":"product_tag-nadal","10":"product_tag-nadons","12":"first","13":"instock","14":"taxable","15":"shipping-taxable","16":"purchasable","17":"product-type-variable"},"_links":{"self":[{"href":"https:\/\/i-moments.com\/ca\/wp-json\/wp\/v2\/product\/22377","targetHints":{"allow":["GET"]}}],"collection":[{"href":"https:\/\/i-moments.com\/ca\/wp-json\/wp\/v2\/product"}],"about":[{"href":"https:\/\/i-moments.com\/ca\/wp-json\/wp\/v2\/types\/product"}],"replies":[{"embeddable":true,"href":"https:\/\/i-moments.com\/ca\/wp-json\/wp\/v2\/comments?post=22377"}],"wp:featuredmedia":[{"embeddable":true,"href":"https:\/\/i-moments.com\/ca\/wp-json\/wp\/v2\/media\/25241"}],"wp:attachment":[{"href":"https:\/\/i-moments.com\/ca\/wp-json\/wp\/v2\/media?parent=22377"}],"wp:term":[{"taxonomy":"product_brand","embeddable":true,"href":"https:\/\/i-moments.com\/ca\/wp-json\/wp\/v2\/product_brand?post=22377"},{"taxonomy":"product_cat","embeddable":true,"href":"https:\/\/i-moments.com\/ca\/wp-json\/wp\/v2\/product_cat?post=22377"},{"taxonomy":"product_tag","embeddable":true,"href":"https:\/\/i-moments.com\/ca\/wp-json\/wp\/v2\/product_tag?post=22377"}],"curies":[{"name":"wp","href":"https:\/\/api.w.org\/{rel}","templated":true}]}}