{"id":22939,"date":"2025-10-27T13:12:31","date_gmt":"2025-10-27T12:12:31","guid":{"rendered":"https:\/\/i-moments.com\/p\/marco-de-navidad-de-madera-personalizado\/"},"modified":"2025-10-27T15:13:43","modified_gmt":"2025-10-27T14:13:43","slug":"marco-de-navidad-de-madera-personalizado","status":"publish","type":"product","link":"https:\/\/i-moments.com\/ca\/p\/marco-de-navidad-de-madera-personalizado\/","title":{"rendered":"Marc de Nadal de Fusta Personalitzat"},"content":{"rendered":"<h2 style=\"text-align: center;\"><strong>Marc de Nadal de Fusta Personalitzat<\/strong><\/h2>\n<p>Aquest marc de nadal de fusta \u00e9s el detall perfecte per decorar el teu arbre de Nadal. Disponible en dos colors, vermell i blanc, combina eleg\u00e0ncia i tradici\u00f3 en una pe\u00e7a feta per destacar entre les teves decoracions festives i nadalenques. <\/p>\n<p>Fabricat en fusta natural, aquest marc nadalenc ofereix una textura c\u00e0lida i un acabat resistent. Personalitza-ho amb una foto familiar, dels teus fills o mascota, i crea un record que podr\u00e0s gaudir any rere any. El seu disseny vers\u00e0til permet penjar-lo f\u00e0cilment a l&#8217;arbre, garlandes o fins i tot usar-lo com a detall en regals.  <\/p>\n<p>Cada impressi\u00f3 es realitza amb alta qualitat, garantint colors vius i duradors. Aquest adorn \u00e9s ideal com a regal original i personalitzat per compartir en fam\u00edlia o amb amics. <\/p>\n<p>\u2728 Descobreix tamb\u00e9 altres models de la col\u00b7lecci\u00f3: <a href=\"https:\/\/i-moments.com\/p\/adorno-estrella-de-navidad-de-madera-personalizado\/\">Adorno Estrella Personalizado<\/a> i <a href=\"https:\/\/i-moments.com\/p\/adorno-casita-de-madera-de-navidad-personalizado\/\">Adorno Casita Personalizado<\/a>.<\/p>\n","protected":false},"excerpt":{"rendered":"<p>Vols personalitzar el teu nadal? Amb el Marc de Nadal de Fusta Personalitzat aconsegueixes un guarniment nadalenc \u00fanic amb la teva foto. Disponible en vermell o blanc. Un marc nadalenc \u00fanic per penjar a l&#8217;arbre i reviure els teus records cada Nadal.   <\/p>\n<p><strong>CARACTER\u00cdSTIQUES<\/strong><\/p>\n<ul>\n<li>Mida 10&#215;16 cm<\/li>\n<li>Mida foto 6&#215;9 cm<\/li>\n<li>Material: Fusta<\/li>\n<\/ul>\n","protected":false},"featured_media":22941,"comment_status":"closed","ping_status":"closed","template":"","meta":[],"product_brand":[1265],"product_cat":[620,619],"product_tag":[],"class_list":{"0":"post-22939","1":"product","2":"type-product","3":"status-publish","4":"has-post-thumbnail","6":"product_brand-i-moments","7":"product_cat-adorns-de-nadal","8":"product_cat-nadal","10":"first","11":"instock","12":"taxable","13":"shipping-taxable","14":"purchasable","15":"product-type-variable"},"_links":{"self":[{"href":"https:\/\/i-moments.com\/ca\/wp-json\/wp\/v2\/product\/22939","targetHints":{"allow":["GET"]}}],"collection":[{"href":"https:\/\/i-moments.com\/ca\/wp-json\/wp\/v2\/product"}],"about":[{"href":"https:\/\/i-moments.com\/ca\/wp-json\/wp\/v2\/types\/product"}],"replies":[{"embeddable":true,"href":"https:\/\/i-moments.com\/ca\/wp-json\/wp\/v2\/comments?post=22939"}],"wp:featuredmedia":[{"embeddable":true,"href":"https:\/\/i-moments.com\/ca\/wp-json\/wp\/v2\/media\/22941"}],"wp:attachment":[{"href":"https:\/\/i-moments.com\/ca\/wp-json\/wp\/v2\/media?parent=22939"}],"wp:term":[{"taxonomy":"product_brand","embeddable":true,"href":"https:\/\/i-moments.com\/ca\/wp-json\/wp\/v2\/product_brand?post=22939"},{"taxonomy":"product_cat","embeddable":true,"href":"https:\/\/i-moments.com\/ca\/wp-json\/wp\/v2\/product_cat?post=22939"},{"taxonomy":"product_tag","embeddable":true,"href":"https:\/\/i-moments.com\/ca\/wp-json\/wp\/v2\/product_tag?post=22939"}],"curies":[{"name":"wp","href":"https:\/\/api.w.org\/{rel}","templated":true}]}}