{"id":22961,"date":"2025-10-27T13:12:57","date_gmt":"2025-10-27T12:12:57","guid":{"rendered":"https:\/\/i-moments.com\/p\/adorno-estrella-de-navidad-de-madera-personalizado\/"},"modified":"2025-10-27T15:10:39","modified_gmt":"2025-10-27T14:10:39","slug":"adorno-estrella-de-navidad-de-madera-personalizado","status":"publish","type":"product","link":"https:\/\/i-moments.com\/ca\/p\/adorno-estrella-de-navidad-de-madera-personalizado\/","title":{"rendered":"Adorn Estrella de Nadal de Fusta Personalitzat"},"content":{"rendered":"<h2 style=\"text-align: center;\" data-start=\"2653\" data-end=\"2897\"><strong>Adorn Estrella de Nadal de Fusta Personalitzat amb Foto per a Arbre de Nadal<\/strong><\/h2>\n<p data-start=\"2653\" data-end=\"2897\"><strong>L&#8217;Adorn Estrella de Nadal de Fusta Personalitzat<\/strong> \u00e9s un cl\u00e0ssic reinventat amb el teu toc personal. Disponible en <strong data-start=\"2810\" data-end=\"2827\">vermell o blanc<\/strong>, aquest disseny simbolitza la llum, la il\u00b7lusi\u00f3 i la m\u00e0gia del Nadal. <\/p>\n<p data-start=\"2899\" data-end=\"3220\">Fabricat amb fusta natural d&#8217; alta qualitat, el seu acabat combina calidesa i resist\u00e8ncia. Personalitza-ho amb la teva foto favorita i aconsegueix un adorn exclusiu que omplir\u00e0 la teva llar d&#8217;esperit nadalenc. La seva forma d&#8217;estrella el converteix en el complement perfecte per al teu arbre de nadal.  <\/p>\n<p data-start=\"3222\" data-end=\"3522\">Gr\u00e0cies a la seva impressi\u00f3 duradora i n\u00edtida, les teves imatges lluiran radiants, destacant entre els llums nadalencs. Aquest adorn \u00e9s perfecte per regalar o conservar com a record familiar. <\/p>\n<p data-start=\"3222\" data-end=\"3522\">\u2728 <strong data-start=\"3411\" data-end=\"3431\">Descobreix tamb\u00e9<\/strong> <a href=\"https:\/\/i-moments.com\/p\/marco-de-navidad-de-madera-personalizado\/\">l&#8217;Adorno Marco Personalizado<\/a> i l&#8217;encantadora <a href=\"https:\/\/i-moments.com\/p\/adorno-casita-de-madera-de-navidad-personalizado\/\">Casita de Madera Personalizada<\/a>.<\/p>\n","protected":false},"excerpt":{"rendered":"<p>Adorn Estrella de Nadal de Fusta Personalitzat, disponible en vermell o blanc. Tria la teva foto i decora el teu arbre de nadal amb un toc original i festiu. <\/p>\n<p><strong>CARACTER\u00cdSTIQUES<\/strong><\/p>\n<ul>\n<li>Mida 12&#215;20 cm<\/li>\n<li>Mida foto 7&#215;7 cm<\/li>\n<li>Material: Fusta<\/li>\n<li>Colors disponibles: Blanc o Vermell<\/li>\n<\/ul>\n","protected":false},"featured_media":22962,"comment_status":"closed","ping_status":"closed","template":"","meta":[],"product_brand":[1265],"product_cat":[620,619],"product_tag":[],"class_list":{"0":"post-22961","1":"product","2":"type-product","3":"status-publish","4":"has-post-thumbnail","6":"product_brand-i-moments","7":"product_cat-adorns-de-nadal","8":"product_cat-nadal","10":"first","11":"instock","12":"taxable","13":"shipping-taxable","14":"purchasable","15":"product-type-variable"},"_links":{"self":[{"href":"https:\/\/i-moments.com\/ca\/wp-json\/wp\/v2\/product\/22961","targetHints":{"allow":["GET"]}}],"collection":[{"href":"https:\/\/i-moments.com\/ca\/wp-json\/wp\/v2\/product"}],"about":[{"href":"https:\/\/i-moments.com\/ca\/wp-json\/wp\/v2\/types\/product"}],"replies":[{"embeddable":true,"href":"https:\/\/i-moments.com\/ca\/wp-json\/wp\/v2\/comments?post=22961"}],"wp:featuredmedia":[{"embeddable":true,"href":"https:\/\/i-moments.com\/ca\/wp-json\/wp\/v2\/media\/22962"}],"wp:attachment":[{"href":"https:\/\/i-moments.com\/ca\/wp-json\/wp\/v2\/media?parent=22961"}],"wp:term":[{"taxonomy":"product_brand","embeddable":true,"href":"https:\/\/i-moments.com\/ca\/wp-json\/wp\/v2\/product_brand?post=22961"},{"taxonomy":"product_cat","embeddable":true,"href":"https:\/\/i-moments.com\/ca\/wp-json\/wp\/v2\/product_cat?post=22961"},{"taxonomy":"product_tag","embeddable":true,"href":"https:\/\/i-moments.com\/ca\/wp-json\/wp\/v2\/product_tag?post=22961"}],"curies":[{"name":"wp","href":"https:\/\/api.w.org\/{rel}","templated":true}]}}