{"id":23001,"date":"2025-10-27T13:12:55","date_gmt":"2025-10-27T12:12:55","guid":{"rendered":"https:\/\/i-moments.com\/p\/adorno-casita-de-madera-de-navidad-personalizado\/"},"modified":"2025-10-27T14:46:15","modified_gmt":"2025-10-27T13:46:15","slug":"adorno-casita-de-madera-de-navidad-personalizado","status":"publish","type":"product","link":"https:\/\/i-moments.com\/ca\/p\/adorno-casita-de-madera-de-navidad-personalizado\/","title":{"rendered":"Guarniment Casita de Fusta de Nadal Personalitzat"},"content":{"rendered":"<h2 style=\"text-align: center;\"><strong>Guarniment Casita de Fusta de Nadal Personalitzat<\/strong><\/h2>\n<p data-start=\"4412\" data-end=\"4679\">L&#8217;Adorno Casita de Fusta de Nadal Personalitzat \u00e9s un detall encantador que transforma la teva llar en un lloc ple de records. Podr\u00e0s penjar-lo a l&#8217;arbre, les teves portes o mobles. Aquest guarniment nadalenc est\u00e0 disponible en <strong data-start=\"4577\" data-end=\"4593\">vermell o verd<\/strong>, i representa la calor de la fam\u00edlia durant el Nadal.  <\/p>\n<p data-start=\"4681\" data-end=\"4905\">Fabricat en fusta natural amb un acabat cuidat, aquest guarniment es personalitza amb la teva foto, aportant un toc \u00fanic i emocional. Ideal per penjar a l&#8217;arbre, decorar prestatgeries o regalar com a s\u00edmbol d&#8217;uni\u00f3 i carinyo. <\/p>\n<p data-start=\"4907\" data-end=\"5259\">La impressi\u00f3 fotogr\u00e0fica d&#8217; alta qualitat garanteix colors vius i duradors, mentre que el seu estil artesanal li d\u00f3na un aire aut\u00e8ntic i nost\u00e0lgic. Perfecte per sorprendre amb un <strong data-start=\"5088\" data-end=\"5121\">regal nadalenc personalitzat<\/strong> que perdura any rere any. <\/p>\n<p data-start=\"4907\" data-end=\"5259\">\u2728 <strong data-start=\"5152\" data-end=\"5177\">Completa la teva col\u00b7lecci\u00f3<\/strong> amb <a href=\"https:\/\/i-moments.com\/p\/adorno-estrella-de-navidad-de-madera-personalizado\/\">l&#8217;Adorno Estrella Personalizado<\/a> i <a class=\"decorated-link\" href=\"https:\/\/i-moments.com\/p\/marco-de-navidad-de-madera-personalizado\/\" rel=\"noopener\" data-start=\"5225\" data-end=\"5256\">l&#8217;Adorno Marco Personalizado<\/a>.<\/p>\n<p>&nbsp;<\/p>\n","protected":false},"excerpt":{"rendered":"<p>Necessites decoraci\u00f3 de nadal? Amb aquesta Casita de Fusta de Nadal Personalitzada la teva llar transmetr\u00e0 esperit nadalenc. Personalitza-la amb la teva foto, en colors vermell o verd. Crea un record entranyable per decorar l&#8217;arbre de Nadal, taula, prestatgeria o qualsevol espai de casa teva ja que compta amb una petita base.   <\/p>\n<p><strong>CARACTER\u00cdSTIQUES<\/strong><\/p>\n<ul>\n<li>Mida 10&#215;13 cm<\/li>\n<li>Mida foto 6&#215;6 cm<\/li>\n<li>Material: Fusta<\/li>\n<\/ul>\n","protected":false},"featured_media":23002,"comment_status":"closed","ping_status":"closed","template":"","meta":[],"product_brand":[1265],"product_cat":[620,619],"product_tag":[],"class_list":{"0":"post-23001","1":"product","2":"type-product","3":"status-publish","4":"has-post-thumbnail","6":"product_brand-i-moments","7":"product_cat-adorns-de-nadal","8":"product_cat-nadal","10":"first","11":"instock","12":"taxable","13":"shipping-taxable","14":"purchasable","15":"product-type-variable"},"_links":{"self":[{"href":"https:\/\/i-moments.com\/ca\/wp-json\/wp\/v2\/product\/23001","targetHints":{"allow":["GET"]}}],"collection":[{"href":"https:\/\/i-moments.com\/ca\/wp-json\/wp\/v2\/product"}],"about":[{"href":"https:\/\/i-moments.com\/ca\/wp-json\/wp\/v2\/types\/product"}],"replies":[{"embeddable":true,"href":"https:\/\/i-moments.com\/ca\/wp-json\/wp\/v2\/comments?post=23001"}],"wp:featuredmedia":[{"embeddable":true,"href":"https:\/\/i-moments.com\/ca\/wp-json\/wp\/v2\/media\/23002"}],"wp:attachment":[{"href":"https:\/\/i-moments.com\/ca\/wp-json\/wp\/v2\/media?parent=23001"}],"wp:term":[{"taxonomy":"product_brand","embeddable":true,"href":"https:\/\/i-moments.com\/ca\/wp-json\/wp\/v2\/product_brand?post=23001"},{"taxonomy":"product_cat","embeddable":true,"href":"https:\/\/i-moments.com\/ca\/wp-json\/wp\/v2\/product_cat?post=23001"},{"taxonomy":"product_tag","embeddable":true,"href":"https:\/\/i-moments.com\/ca\/wp-json\/wp\/v2\/product_tag?post=23001"}],"curies":[{"name":"wp","href":"https:\/\/api.w.org\/{rel}","templated":true}]}}