{"id":23025,"date":"2025-10-27T13:12:59","date_gmt":"2025-10-27T12:12:59","guid":{"rendered":"https:\/\/i-moments.com\/p\/marco-de-nieve-personalizado-con-papa-noel\/"},"modified":"2025-10-29T12:02:38","modified_gmt":"2025-10-29T11:02:38","slug":"marco-de-nieve-personalizado-con-papa-noel","status":"publish","type":"product","link":"https:\/\/i-moments.com\/ca\/p\/marco-de-nieve-personalizado-con-papa-noel\/","title":{"rendered":"Marc de Neu Personalitzat amb Pap\u00e0 Noel"},"content":{"rendered":"<h2 style=\"text-align: center;\" data-start=\"303\" data-end=\"386\"><strong>Marc de Neu Personalitzat amb Foto 15&#215;10 | Regal de Nadal Original i M\u00e0gic<\/strong><\/h2>\n<p data-start=\"744\" data-end=\"1042\">Marc de fotos acr\u00edlic efecte transparent<strong data-start=\"747\" data-end=\"794\"> 15&#215;10 cm,<\/strong> \u00e9s el regal perfecte per capturar la m\u00e0gia del Nadal en un sol gest. El seu disseny rectangular transparent cont\u00e9 cops de neu i Pap\u00e0 Noel que floten en aigua en agitar-lo, creant un efecte encantador que envolta els teus records m\u00e9s especials. <\/p>\n<p data-start=\"1044\" data-end=\"1355\">Personalitza&#8217;t amb la teva foto favorita, una imatge familiar, de parella o dels teus fills i converteix-te en un detall \u00fanic ple d&#8217;emoci\u00f3. Fabricat amb materials resistents i un acabat brillant, aquest marc nadalenc \u00e9s ideal per decorar la llar o sorprendre amb un regal personalitzat ple de sentiment. <\/p>\n<p data-start=\"1357\" data-end=\"1625\">La seva mida de <strong data-start=\"1370\" data-end=\"1382\">15&#215;10 cm<\/strong> el fa perfecte per col\u00b7locar sobre taules, prestatgeries o escriptoris, afegint un toc festiu i elegant. La personalitzaci\u00f3 d&#8217;alta qualitat garanteix colors vius i duradors, ressaltant la bellesa de la teva imatge sota l&#8217;efecte de neu. <\/p>\n<p data-start=\"1627\" data-end=\"1930\">\u00c9s un detall ideal per <strong data-start=\"1652\" data-end=\"1699\">regalar per Nadal, Reis o amic invisible<\/strong>, i tamb\u00e9 una forma preciosa de conservar moments inoblidables durant les festes.<br data-start=\"1785\" data-end=\"1788\">\u2728 <strong data-start=\"1790\" data-end=\"1810\">Descobreix tamb\u00e9<\/strong> altres productes de la col\u00b7lecci\u00f3 nadalenca personalitzada d&#8217;i-moments i crea combinacions \u00faniques per a tota la fam\u00edlia.<\/p>\n<h3 data-start=\"388\" data-end=\"417\"><\/h3>\n","protected":false},"excerpt":{"rendered":"<p>Marc de fotos acr\u00edlic amb aigua flotant, cops de neu i Pap\u00e0 Noel<\/p>\n<p><strong>CARACTER\u00cdSTIQUES<\/strong><\/p>\n<ul>\n<li>Mida marc 16x11x3 cm<\/li>\n<li>Mida foto 15&#215;10 cm<\/li>\n<li>Orientaci\u00f3: Horitzontal<\/li>\n<li>Material: Acr\u00edlic<\/li>\n<li>Cont\u00e9 cops de neu i Pap\u00e0 Noel<\/li>\n<\/ul>\n","protected":false},"featured_media":23026,"comment_status":"closed","ping_status":"closed","template":"","meta":[],"product_brand":[],"product_cat":[620,619],"product_tag":[],"class_list":{"0":"post-23025","1":"product","2":"type-product","3":"status-publish","4":"has-post-thumbnail","6":"product_cat-adorns-de-nadal","7":"product_cat-nadal","9":"first","10":"instock","11":"taxable","12":"shipping-taxable","13":"purchasable","14":"product-type-simple"},"_links":{"self":[{"href":"https:\/\/i-moments.com\/ca\/wp-json\/wp\/v2\/product\/23025","targetHints":{"allow":["GET"]}}],"collection":[{"href":"https:\/\/i-moments.com\/ca\/wp-json\/wp\/v2\/product"}],"about":[{"href":"https:\/\/i-moments.com\/ca\/wp-json\/wp\/v2\/types\/product"}],"replies":[{"embeddable":true,"href":"https:\/\/i-moments.com\/ca\/wp-json\/wp\/v2\/comments?post=23025"}],"wp:featuredmedia":[{"embeddable":true,"href":"https:\/\/i-moments.com\/ca\/wp-json\/wp\/v2\/media\/23026"}],"wp:attachment":[{"href":"https:\/\/i-moments.com\/ca\/wp-json\/wp\/v2\/media?parent=23025"}],"wp:term":[{"taxonomy":"product_brand","embeddable":true,"href":"https:\/\/i-moments.com\/ca\/wp-json\/wp\/v2\/product_brand?post=23025"},{"taxonomy":"product_cat","embeddable":true,"href":"https:\/\/i-moments.com\/ca\/wp-json\/wp\/v2\/product_cat?post=23025"},{"taxonomy":"product_tag","embeddable":true,"href":"https:\/\/i-moments.com\/ca\/wp-json\/wp\/v2\/product_tag?post=23025"}],"curies":[{"name":"wp","href":"https:\/\/api.w.org\/{rel}","templated":true}]}}