{"id":23057,"date":"2025-10-27T15:07:50","date_gmt":"2025-10-27T14:07:50","guid":{"rendered":"https:\/\/i-moments.com\/p\/calendario-de-adviento-personalizado-de-bolas-de-navidad\/"},"modified":"2025-10-27T15:07:50","modified_gmt":"2025-10-27T14:07:50","slug":"calendario-de-adviento-personalizado-de-bolas-de-navidad","status":"publish","type":"product","link":"https:\/\/i-moments.com\/ca\/p\/calendario-de-adviento-personalizado-de-bolas-de-navidad\/","title":{"rendered":"Calendari d&#8217;Advent Personalitzat de Boles de Nadal"},"content":{"rendered":"<h2 style=\"text-align: center;\"><strong>Calendari d&#8217;Advent Personalitzat de Boles de Nadal<\/strong><\/h2>\n<p>Viu la m\u00e0gia del Nadal en fam\u00edlia amb el nostre Calendari d&#8217;Advent Personalitzat de Boles de Nadal, una forma \u00fanica i entranyable d&#8217;esperar l&#8217;arribada d&#8217;aquestes festes. Aquest original calendari est\u00e0 compost per una caixa nadalenca de cartr\u00f3 que cont\u00e9 24 boles de Nadal personalitzades amb les teves imatges i fotos favorites. <\/p>\n<p>Cada dia descobrir\u00e0s una nova foto i un nou record, convertint el compte enrere cap al Nadal en un moment especial per compartir en fam\u00edlia. Decora la teva llar o el teu arbre nadalenc amb una decoraci\u00f3 de Nadal personalitzada que reflecteixi la teva hist\u00f2ria i les teves emocions. <\/p>\n<p>Tria entre 2 dissenys exclusius i crea un detall \u00fanic que omplir\u00e0 el teu arbre o la teva casa de somriures, records i esperit nadalenc. Fes que aquest Nadal sigui diferent amb una decoraci\u00f3 personalitzada que t&#8217;acompanyar\u00e0 any rere any. \ud83c\udf85<\/p>\n","protected":false},"excerpt":{"rendered":"<p>Fes que el compte enrere per al Nadal sigui \u00fanic amb el nostre Calendari d&#8217;Advent Personalitzat de Boles de Nadal. Cont\u00e9 24 boles de Nadal de cartr\u00f3 met\u00e0l\u00b7lic amb els teus records m\u00e9s especials, llistes per decorar el teu arbre o qualsevol rac\u00f3 de la llar. Un detall original, emotiu i 100% personalitzat per gaudir del Nadal en fam\u00edlia.  <\/p>\n<ul>\n<li>Material: Cartr\u00f3 Metallic 300 grs.<\/li>\n<li>Mida Caixa: 9x12x1,5 cm<\/li>\n<li>Mida Bola: 9&#215;10 cms<\/li>\n<li>Boles: 24 unitats<\/li>\n<li>Acabat: Metallic<\/li>\n<li>No inclou corda<\/li>\n<\/ul>\n","protected":false},"featured_media":23058,"comment_status":"closed","ping_status":"closed","template":"","meta":[],"product_brand":[1265],"product_cat":[620,717,729,619],"product_tag":[621],"class_list":{"0":"post-23057","1":"product","2":"type-product","3":"status-publish","4":"has-post-thumbnail","6":"product_brand-i-moments","7":"product_cat-adorns-de-nadal","8":"product_cat-calendaris-personalitzats","9":"product_cat-calendaris-personalitzats-de-sobretaula-ca","10":"product_cat-nadal","11":"product_tag-nadal","13":"first","14":"instock","15":"taxable","16":"shipping-taxable","17":"purchasable","18":"product-type-simple"},"_links":{"self":[{"href":"https:\/\/i-moments.com\/ca\/wp-json\/wp\/v2\/product\/23057","targetHints":{"allow":["GET"]}}],"collection":[{"href":"https:\/\/i-moments.com\/ca\/wp-json\/wp\/v2\/product"}],"about":[{"href":"https:\/\/i-moments.com\/ca\/wp-json\/wp\/v2\/types\/product"}],"replies":[{"embeddable":true,"href":"https:\/\/i-moments.com\/ca\/wp-json\/wp\/v2\/comments?post=23057"}],"wp:featuredmedia":[{"embeddable":true,"href":"https:\/\/i-moments.com\/ca\/wp-json\/wp\/v2\/media\/23058"}],"wp:attachment":[{"href":"https:\/\/i-moments.com\/ca\/wp-json\/wp\/v2\/media?parent=23057"}],"wp:term":[{"taxonomy":"product_brand","embeddable":true,"href":"https:\/\/i-moments.com\/ca\/wp-json\/wp\/v2\/product_brand?post=23057"},{"taxonomy":"product_cat","embeddable":true,"href":"https:\/\/i-moments.com\/ca\/wp-json\/wp\/v2\/product_cat?post=23057"},{"taxonomy":"product_tag","embeddable":true,"href":"https:\/\/i-moments.com\/ca\/wp-json\/wp\/v2\/product_tag?post=23057"}],"curies":[{"name":"wp","href":"https:\/\/api.w.org\/{rel}","templated":true}]}}