{"id":23289,"date":"2025-11-14T11:04:58","date_gmt":"2025-11-14T10:04:58","guid":{"rendered":"https:\/\/i-moments.com\/p\/calendario-de-mesa-con-base-de-madera-personalizado\/"},"modified":"2025-11-18T12:20:21","modified_gmt":"2025-11-18T11:20:21","slug":"calendario-de-mesa-con-base-de-madera-personalizado","status":"publish","type":"product","link":"https:\/\/i-moments.com\/ca\/p\/calendario-de-mesa-con-base-de-madera-personalizado\/","title":{"rendered":"Calendari de Taula amb Base de Fusta Personalitzat"},"content":{"rendered":"<h2 style=\"text-align: center;\"><strong>CALENDARI DE TAULA AMB BASE DE FUSTA PERSONALITZAT<\/strong><\/h2>\n<p data-start=\"1111\" data-end=\"1430\">El <strong data-start=\"1114\" data-end=\"1160\">calendari de taula amb base de fusta personalitzat<\/strong> \u00e9s una forma elegant i pr\u00e0ctica de gaudir els teus records durant tot l&#8217;any. Fabricat amb materials d&#8217; alta qualitat, combina una base de fusta natural amb l\u00e0mines impreses en paper fotogr\u00e0fic, aportant un toc c\u00e0lid i modern a qualsevol espai. <\/p>\n<p data-start=\"1432\" data-end=\"1709\">Pots personalitzar cada mes amb les teves fotos favorites, convertint aquest calendari personalitzat en un regal \u00fanic i emotiu per a fam\u00edlia, amics o companys de feina. \u00c9s perfecte per col\u00b7locar a l&#8217;escriptori, l&#8217;oficina o el sal\u00f3, mantenint a la vista els teus moments m\u00e9s especials. <\/p>\n<p data-start=\"1711\" data-end=\"2057\">Disponible en tres mides \u2014<strong data-start=\"1739\" data-end=\"1772\">10\u00d715 cm, 15\u00d718 cm i 21\u00d715 cm<\/strong>\u2014 s&#8217;adapta a qualsevol entorn. La seva estructura amb base de fusta permet canviar f\u00e0cilment les l\u00e0mines i mantenir el calendari estable i visible. La impressi\u00f3 d&#8217; alta resoluci\u00f3 garanteix colors vius i duradors, reflectint la qualitat caracter\u00edstica dels productes i-moments.  <\/p>\n<p data-start=\"2059\" data-end=\"2278\">El <strong data-start=\"2062\" data-end=\"2100\">calendari amb base de fusta personalitzat<\/strong> \u00e9s ideal per regalar en aniversaris, Nadal o esdeveniments corporatius. Un detall funcional, sostenible i ple d&#8217;emoci\u00f3 que combina disseny, utilitat i records inoblidables. <\/p>\n<p data-start=\"2280\" data-end=\"2424\">\u2728 <strong data-start=\"2282\" data-end=\"2302\">Descobreix tamb\u00e9<\/strong> altres models de la col\u00b7lecci\u00f3: <a class=\"decorated-link\" href=\"https:\/\/i-moments.com\/p\/calendario-de-pared-slim-personalizado\/\" rel=\"noopener\" data-start=\"2334\" data-end=\"2377\">Calendari Slim Quadrat Personalitzat<\/a> i <a class=\"decorated-link\" href=\"https:\/\/i-moments.com\/p\/calendario-de-pared-cuadrado-personalizado\/\" rel=\"noopener\" data-start=\"2380\" data-end=\"2421\">Calendari Pared 21&#215;21 Personalitzat<\/a>.<\/p>\n","protected":false},"excerpt":{"rendered":"<p data-start=\"884\" data-end=\"1061\">Calendari mensual de taula amb base de fusta personalitzat amb les teves fotos.<\/p>\n<ul>\n<li>Mides disponibles: 10&#215;15 \/ 15&#215;18 \/ 21\u00d715 cm<\/li>\n<li>Impr\u00e8s en paper de 400 gr<\/li>\n<li>Cont\u00e9 12 p\u00e0gines<\/li>\n<li>Base de fusta<\/li>\n<li>Acabat Mate<\/li>\n<\/ul>\n","protected":false},"featured_media":23331,"comment_status":"closed","ping_status":"closed","template":"","meta":[],"product_brand":[],"product_cat":[729,717],"product_tag":[],"class_list":{"0":"post-23289","1":"product","2":"type-product","3":"status-publish","4":"has-post-thumbnail","6":"product_cat-calendaris-personalitzats-de-sobretaula-ca","7":"product_cat-calendaris-personalitzats","9":"first","10":"instock","11":"taxable","12":"shipping-taxable","13":"purchasable","14":"product-type-variable"},"_links":{"self":[{"href":"https:\/\/i-moments.com\/ca\/wp-json\/wp\/v2\/product\/23289","targetHints":{"allow":["GET"]}}],"collection":[{"href":"https:\/\/i-moments.com\/ca\/wp-json\/wp\/v2\/product"}],"about":[{"href":"https:\/\/i-moments.com\/ca\/wp-json\/wp\/v2\/types\/product"}],"replies":[{"embeddable":true,"href":"https:\/\/i-moments.com\/ca\/wp-json\/wp\/v2\/comments?post=23289"}],"wp:featuredmedia":[{"embeddable":true,"href":"https:\/\/i-moments.com\/ca\/wp-json\/wp\/v2\/media\/23331"}],"wp:attachment":[{"href":"https:\/\/i-moments.com\/ca\/wp-json\/wp\/v2\/media?parent=23289"}],"wp:term":[{"taxonomy":"product_brand","embeddable":true,"href":"https:\/\/i-moments.com\/ca\/wp-json\/wp\/v2\/product_brand?post=23289"},{"taxonomy":"product_cat","embeddable":true,"href":"https:\/\/i-moments.com\/ca\/wp-json\/wp\/v2\/product_cat?post=23289"},{"taxonomy":"product_tag","embeddable":true,"href":"https:\/\/i-moments.com\/ca\/wp-json\/wp\/v2\/product_tag?post=23289"}],"curies":[{"name":"wp","href":"https:\/\/api.w.org\/{rel}","templated":true}]}}