{"id":23433,"date":"2025-11-18T10:00:32","date_gmt":"2025-11-18T09:00:32","guid":{"rendered":"https:\/\/i-moments.com\/p\/lampara-led-personalizada\/"},"modified":"2026-01-20T10:30:39","modified_gmt":"2026-01-20T09:30:39","slug":"lampara-led-personalizada","status":"publish","type":"product","link":"https:\/\/i-moments.com\/ca\/p\/lampara-led-personalizada\/","title":{"rendered":"L\u00e0mpada Led Personalitzada"},"content":{"rendered":"<h2 style=\"text-align: center;\"><strong>L\u00e0mpada Led Personalitzada amb Foto | Base de Fusta Il\u00b7luminada + Placa Metacrilat<\/strong><\/h2>\n<p data-start=\"680\" data-end=\"1079\">La <strong data-start=\"683\" data-end=\"721\">l\u00e0mpada Led personalitzada amb foto<\/strong>, composta per una base de fusta il\u00b7luminada i una placa de metacrilat, \u00e9s un element decoratiu modern que transforma els teus records en una pe\u00e7a plena de llum i estil. La placa acr\u00edlica, personalitzada amb la teva imatge o disseny favorit, es col\u00b7loca sobre la base Led, que projecta una llum c\u00e0lida i uniforme real\u00e7ant els colors i detalls de la fotografia.<\/p>\n<p data-start=\"1081\" data-end=\"1421\">La base de fusta aporta un acabat natural i elegant, convertint aquesta l\u00e0mpada en un accessori perfecte per a tauleta de nit, escriptoris, prestatgeries o qualsevol rac\u00f3 on vulguis afegir un toc personal. Gr\u00e0cies a la seva il\u00b7luminaci\u00f3 Led de baix consum, aquesta l\u00e0mpada ofereix una llum suau ideal com a il\u00b7luminaci\u00f3 ambiental o decorativa. <\/p>\n<p data-start=\"1423\" data-end=\"1707\">La personalitzaci\u00f3 es realitza amb impressi\u00f3 d&#8217; alta qualitat sobre la placa de metacrilat, garantint nitidesa, resist\u00e8ncia i un acabat durador. \u00c9s un regal perfecte per a aniversaris, aniversaris, dates especials o com a detall per sorprendre alg\u00fa amb una pe\u00e7a \u00fanica i emotiva. <\/p>\n<p data-start=\"1709\" data-end=\"1914\">Ja sigui per decorar la teva llar amb un record especial o per sorprendre amb un <strong data-start=\"1788\" data-end=\"1821\">regal personalitzat original<\/strong>, aquesta l\u00e0mpada Led personalitzada amb foto uneix disseny, calidesa i emoci\u00f3 en una mateixa pe\u00e7a.<\/p>\n","protected":false},"excerpt":{"rendered":"<p>L\u00e0mpada Led personalitzada amb foto, formada per una base de fusta il\u00b7luminada i una placa acr\u00edlica. Perfecta per decorar qualsevol espai o regalar un detall \u00fanic i especial. <\/p>\n<p><strong>CARACTER\u00cdSTIQUES:<\/strong><\/p>\n<ul>\n<li>Llum LED de color blanc.<\/li>\n<li>Inclou cable USB. No necessita piles. <\/li>\n<li>Material placa: Metacrilat<\/li>\n<li>Material base: fusta natural.<\/li>\n<\/ul>\n<p><strong>L\u00e0mpada Rodona<\/strong><\/p>\n<ul>\n<li>Mida Placa: 12 x 13 cm<\/li>\n<li>Mida Base: \u00f810 x 3,5 cm.<\/li>\n<\/ul>\n<p><strong>Lampara Rectangular  <\/strong><\/p>\n<ul>\n<li>Mida Placa: 17 x 14 cm<\/li>\n<li>Mida Base: \u00f814 x 6 x 3,5 cm.<\/li>\n<\/ul>\n","protected":false},"featured_media":25207,"comment_status":"closed","ping_status":"closed","template":"","meta":[],"product_brand":[],"product_cat":[741,773],"product_tag":[621,686],"class_list":{"0":"post-23433","1":"product","2":"type-product","3":"status-publish","4":"has-post-thumbnail","6":"product_cat-decora-ca","7":"product_cat-pissarra-personalitzada","8":"product_tag-nadal","9":"product_tag-sant-valenti","11":"first","12":"instock","13":"taxable","14":"shipping-taxable","15":"purchasable","16":"product-type-variable"},"_links":{"self":[{"href":"https:\/\/i-moments.com\/ca\/wp-json\/wp\/v2\/product\/23433","targetHints":{"allow":["GET"]}}],"collection":[{"href":"https:\/\/i-moments.com\/ca\/wp-json\/wp\/v2\/product"}],"about":[{"href":"https:\/\/i-moments.com\/ca\/wp-json\/wp\/v2\/types\/product"}],"replies":[{"embeddable":true,"href":"https:\/\/i-moments.com\/ca\/wp-json\/wp\/v2\/comments?post=23433"}],"wp:featuredmedia":[{"embeddable":true,"href":"https:\/\/i-moments.com\/ca\/wp-json\/wp\/v2\/media\/25207"}],"wp:attachment":[{"href":"https:\/\/i-moments.com\/ca\/wp-json\/wp\/v2\/media?parent=23433"}],"wp:term":[{"taxonomy":"product_brand","embeddable":true,"href":"https:\/\/i-moments.com\/ca\/wp-json\/wp\/v2\/product_brand?post=23433"},{"taxonomy":"product_cat","embeddable":true,"href":"https:\/\/i-moments.com\/ca\/wp-json\/wp\/v2\/product_cat?post=23433"},{"taxonomy":"product_tag","embeddable":true,"href":"https:\/\/i-moments.com\/ca\/wp-json\/wp\/v2\/product_tag?post=23433"}],"curies":[{"name":"wp","href":"https:\/\/api.w.org\/{rel}","templated":true}]}}