{"id":24339,"date":"2025-12-19T08:08:05","date_gmt":"2025-12-19T07:08:05","guid":{"rendered":"https:\/\/i-moments.com\/?post_type=product&#038;p=24339"},"modified":"2026-04-09T13:07:13","modified_gmt":"2026-04-09T11:07:13","slug":"cuadro-con-marco-de-madera-personalizado","status":"publish","type":"product","link":"https:\/\/i-moments.com\/ca\/p\/cuadro-con-marco-de-madera-personalizado\/","title":{"rendered":"Quadre amb Marc de Fusta Personalitzat"},"content":{"rendered":"<h2 style=\"text-align: center;\" data-start=\"220\" data-end=\"279\"><strong>Quadre amb Marc de Fusta Personalitzat<\/strong><\/h2>\n<p data-start=\"1001\" data-end=\"1241\">Quadre amb marc de fusta personalitzat dissenyat per donar protagonisme a les teves fotografies amb un acabat c\u00e0lid i atemporal. El marc de fusta aporta un estil natural que encaixa perfectament en decoracions modernes, n\u00f2rdiques o cl\u00e0ssiques. <\/p>\n<p data-start=\"1243\" data-end=\"1539\">Disponible en una \u00e0mplia varietat de mides, des de formats petits fins a grans dimensions, aquest quadre s&#8217; adapta a qualsevol estada de la llar, oficines o espais professionals. Els acabats en fusta negra, roure o blanca permeten combinar-ho f\u00e0cilment amb diferents estils decoratius. <\/p>\n<p data-start=\"1541\" data-end=\"1764\">La impressi\u00f3 d&#8217;alta qualitat garanteix colors vius i una excel\u00b7lent definici\u00f3, convertint aquest quadre amb marc de fusta personalitzat en una opci\u00f3 ideal per a regals \u00fanics, decoraci\u00f3 personal o projectes creatius.<\/p>\n<ul>\n<li>Impressi\u00f3 fotogr\u00e0fica<\/li>\n<li>Colors: Blanc, Negre o Roure<\/li>\n<li>Material: Fusta massissa<\/li>\n<li>Fond\u00e0ria del marc 2,2 cm i gruix d&#8217; 1,2 cm.<\/li>\n<li>Inclou protector davanter de metacrilat transparent.<\/li>\n<li>Inclou Penjador<\/li>\n<\/ul>\n","protected":false},"excerpt":{"rendered":"<p data-start=\"520\" data-end=\"739\">Quadre amb marc de fusta personalitzat ideal per decorar la teva llar amb un estil c\u00e0lid i natural. Disponible en m\u00faltiples mides i acabats en fusta negra, roure o blanca, perfecte per a fotos i l\u00e0mines decoratives. <\/p>\n<ul>\n<li>Impressi\u00f3 fotogr\u00e0fica<\/li>\n<li>Colors: Blanc, Negre o Roure<\/li>\n<li>Material: Fusta massissa<\/li>\n<li>Fond\u00e0ria del marc 2,2 cm i gruix d&#8217; 1,2 cm.<\/li>\n<li>Inclou protector davanter de metacrilat transparent.<\/li>\n<li>Inclou Penjador<\/li>\n<\/ul>\n","protected":false},"featured_media":26107,"comment_status":"closed","ping_status":"closed","template":"","meta":[],"product_brand":[],"product_cat":[747,741,745],"product_tag":[628,686,627],"class_list":{"0":"post-24339","1":"product","2":"type-product","3":"status-publish","4":"has-post-thumbnail","6":"product_cat-quadre-personalitzat","7":"product_cat-decora-ca","8":"product_cat-quadres-personalitzats","9":"product_tag-dia-de-la-mare","10":"product_tag-sant-valenti","11":"product_tag-dia-del-pare","13":"first","14":"instock","15":"taxable","16":"shipping-taxable","17":"purchasable","18":"product-type-variable"},"_links":{"self":[{"href":"https:\/\/i-moments.com\/ca\/wp-json\/wp\/v2\/product\/24339","targetHints":{"allow":["GET"]}}],"collection":[{"href":"https:\/\/i-moments.com\/ca\/wp-json\/wp\/v2\/product"}],"about":[{"href":"https:\/\/i-moments.com\/ca\/wp-json\/wp\/v2\/types\/product"}],"replies":[{"embeddable":true,"href":"https:\/\/i-moments.com\/ca\/wp-json\/wp\/v2\/comments?post=24339"}],"wp:featuredmedia":[{"embeddable":true,"href":"https:\/\/i-moments.com\/ca\/wp-json\/wp\/v2\/media\/26107"}],"wp:attachment":[{"href":"https:\/\/i-moments.com\/ca\/wp-json\/wp\/v2\/media?parent=24339"}],"wp:term":[{"taxonomy":"product_brand","embeddable":true,"href":"https:\/\/i-moments.com\/ca\/wp-json\/wp\/v2\/product_brand?post=24339"},{"taxonomy":"product_cat","embeddable":true,"href":"https:\/\/i-moments.com\/ca\/wp-json\/wp\/v2\/product_cat?post=24339"},{"taxonomy":"product_tag","embeddable":true,"href":"https:\/\/i-moments.com\/ca\/wp-json\/wp\/v2\/product_tag?post=24339"}],"curies":[{"name":"wp","href":"https:\/\/api.w.org\/{rel}","templated":true}]}}