{"id":24476,"date":"2025-12-22T07:47:41","date_gmt":"2025-12-22T06:47:41","guid":{"rendered":"https:\/\/i-moments.com\/p\/cuadro-con-marco-de-aluminio-personalizado-2\/"},"modified":"2026-04-09T13:04:52","modified_gmt":"2026-04-09T11:04:52","slug":"cuadro-con-marco-de-aluminio-personalizado","status":"publish","type":"product","link":"https:\/\/i-moments.com\/ca\/p\/cuadro-con-marco-de-aluminio-personalizado\/","title":{"rendered":"Quadre amb Marc d&#8217; Alumini Personalitzat"},"content":{"rendered":"<h2 style=\"text-align: center;\"><strong>Quadre amb Marc d&#8217; Alumini Personalitzat<\/strong><\/h2>\n<p data-start=\"1397\" data-end=\"1679\"><strong data-start=\"1397\" data-end=\"1443\">Quadre amb marc d&#8217;alumini personalitzat<\/strong> amb el qual podr\u00e0s imprimir la teva foto preferida en paper fotogr\u00e0fic i decorar qualsevol espai de la teva llar. Podr\u00e0s trobar aquest marc d&#8217;alumini en el format que millor s&#8217;adapti a les teves necessitats. Aquest quadre s&#8217; adapta a qualsevol espai: salons, dormitoris, oficines o regals especials.  <\/p>\n<p data-start=\"1681\" data-end=\"1957\">El marc d&#8217;alumini aporta un acabat modern, lleuger i resistent, i el tens disponible en colors negre, or i plata. La impressi\u00f3 d&#8217;alta qualitat garanteix colors vius i gran definici\u00f3, mantenint els teus records intactes amb el pas del temps. <\/p>\n<p data-start=\"1959\" data-end=\"2175\">Gr\u00e0cies a la seva \u00e0mplia varietat de mides, pots crear des de composicions minimalistes fins a grans quadres protagonistes. Una opci\u00f3 perfecta per als qui <strong data-start=\"2123\" data-end=\"2174\">busquen decoraci\u00f3 personalitzada amb estil professional<\/strong>. <\/p>\n<ul>\n<li>Impressi\u00f3 en paper fotogr\u00e0fic<\/li>\n<li>Colors de Marc: Negre Brillantor, Plata Brillo, Plata Mate, Daurat Brillo<\/li>\n<li>Material del marc: Alumini<\/li>\n<li>Fond\u00e0ria del marc 1,8 cm i gruix de 0,7 cm.<\/li>\n<li>Inclou protector davanter de metacrilat transparent.<\/li>\n<li>Inclou Penjador<\/li>\n<\/ul>\n","protected":false},"excerpt":{"rendered":"<p><strong data-start=\"868\" data-end=\"914\">Quadre amb marc d&#8217;alumini personalitzat<\/strong> ideal per decorar la teva llar o oficina amb els teus millors records. Disponible en m\u00faltiples mides i acabats elegants en negre, or o plata, amb un disseny modern i resistent. <\/p>\n<ul>\n<li>Impressi\u00f3 fotogr\u00e0fica<\/li>\n<li>Colors de Marc: Negre Brillantor, Plata Brillo, Plata Mate, Daurat Brillo<\/li>\n<li>Material: Alumini<\/li>\n<li>Fond\u00e0ria del marc 1,8 cm i gruix de 0,7 cm.<\/li>\n<li>Inclou protector davanter de metacrilat transparent.<\/li>\n<li>Inclou Penjador<\/li>\n<\/ul>\n","protected":false},"featured_media":26115,"comment_status":"closed","ping_status":"closed","template":"","meta":[],"product_brand":[],"product_cat":[747,741,745],"product_tag":[627,628],"class_list":{"0":"post-24476","1":"product","2":"type-product","3":"status-publish","4":"has-post-thumbnail","6":"product_cat-quadre-personalitzat","7":"product_cat-decora-ca","8":"product_cat-quadres-personalitzats","9":"product_tag-dia-del-pare","10":"product_tag-dia-de-la-mare","12":"first","13":"instock","14":"taxable","15":"shipping-taxable","16":"purchasable","17":"product-type-variable"},"_links":{"self":[{"href":"https:\/\/i-moments.com\/ca\/wp-json\/wp\/v2\/product\/24476","targetHints":{"allow":["GET"]}}],"collection":[{"href":"https:\/\/i-moments.com\/ca\/wp-json\/wp\/v2\/product"}],"about":[{"href":"https:\/\/i-moments.com\/ca\/wp-json\/wp\/v2\/types\/product"}],"replies":[{"embeddable":true,"href":"https:\/\/i-moments.com\/ca\/wp-json\/wp\/v2\/comments?post=24476"}],"wp:featuredmedia":[{"embeddable":true,"href":"https:\/\/i-moments.com\/ca\/wp-json\/wp\/v2\/media\/26115"}],"wp:attachment":[{"href":"https:\/\/i-moments.com\/ca\/wp-json\/wp\/v2\/media?parent=24476"}],"wp:term":[{"taxonomy":"product_brand","embeddable":true,"href":"https:\/\/i-moments.com\/ca\/wp-json\/wp\/v2\/product_brand?post=24476"},{"taxonomy":"product_cat","embeddable":true,"href":"https:\/\/i-moments.com\/ca\/wp-json\/wp\/v2\/product_cat?post=24476"},{"taxonomy":"product_tag","embeddable":true,"href":"https:\/\/i-moments.com\/ca\/wp-json\/wp\/v2\/product_tag?post=24476"}],"curies":[{"name":"wp","href":"https:\/\/api.w.org\/{rel}","templated":true}]}}